{"id":12,"date":"2022-03-23T20:26:22","date_gmt":"2022-03-23T19:26:22","guid":{"rendered":"https:\/\/hundehilfe-rheinland.de\/?page_id=12"},"modified":"2023-05-23T20:22:35","modified_gmt":"2023-05-23T19:22:35","slug":"hunde","status":"publish","type":"page","link":"https:\/\/hundehilfe-rheinland.de\/?page_id=12","title":{"rendered":"Hunde"},"content":{"rendered":"\n<h2 class=\"wp-block-heading has-text-align-center\">Hunde<\/h2>\n\n\n\n<p class=\"has-medium-font-size\">Einige Hunde findest Du direkt auf unserer Homepage. Um Dir das Suchen zu erleichtern, haben wir bereits ein paar Kategorien angelegt. Viel Erfolg \u2013 vielleicht verliebst Du Dich in einen unserer tollen Vierbeiner\u2026<\/p>\n\n\n\n<p><\/p>\n\n\n<ul class=\"wp-block-categories-list wp-block-categories\">\t<li class=\"cat-item cat-item-21\"><a href=\"https:\/\/hundehilfe-rheinland.de\/?cat=21\">Hunde auf Pflegestelle in Deutschland<\/a>\n<\/li>\n\t<li class=\"cat-item cat-item-16\"><a href=\"https:\/\/hundehilfe-rheinland.de\/?cat=16\">Hunde im Ausland<\/a>\n<\/li>\n\t<li class=\"cat-item cat-item-6\"><a href=\"https:\/\/hundehilfe-rheinland.de\/?cat=6\">H\u00fcndinnen<\/a>\n<\/li>\n\t<li class=\"cat-item cat-item-7\"><a href=\"https:\/\/hundehilfe-rheinland.de\/?cat=7\">Junghunde bis 1 Jahr<\/a>\n<\/li>\n\t<li class=\"cat-item cat-item-5\"><a href=\"https:\/\/hundehilfe-rheinland.de\/?cat=5\">R\u00fcden<\/a>\n<\/li>\n\t<li class=\"cat-item cat-item-20\"><a href=\"https:\/\/hundehilfe-rheinland.de\/?cat=20\">R\u00fcden (1 &#8211; 7 Jahre)<\/a>\n<\/li>\n\t<li class=\"cat-item cat-item-8\"><a href=\"https:\/\/hundehilfe-rheinland.de\/?cat=8\">Senioren ab 8 Jahren<\/a>\n<\/li>\n<\/ul>\n\n\n<p><\/p>\n\n\n\n<p><\/p>\n\n\n\n<p><\/p>\n\n\n\n<p>Weitere Tiere findest Du <a href=\"https:\/\/hundehilfe-rheinland.de\/?page_id=86\" data-type=\"page\" data-id=\"86\">hier &gt;&gt;<\/a><\/p>\n\n\n<section class=\"wp-block-ub-post-grid ub-block-post-grid align  is-equal-height preserve-post-image-aspect-ratio\" style=\"\" id=\"ub-post-grid-\"><div class=\"ub-post-grid-items is-grid columns-3\" style=\"row-gap: 32px; column-gap: 32px; \"><article id=\"post-1021\" class=\"ub-post-grid-item post-1021 post type-post status-publish format-standard has-post-thumbnail hentry category-hunde-auf-pflegestelle-in-deutschland category-4-junghunde\" style=\"\"><div class=\"ub-block-post-grid-image\" style=\"\"><a href=\"https:\/\/hundehilfe-rheinland.de\/?p=1021\" rel=\"bookmark\" aria-hidden=\"true\" tabindex=\"-1\"><img loading=\"lazy\" decoding=\"async\" width=\"2048\" height=\"1467\" src=\"https:\/\/hundehilfe-rheinland.de\/wp-content\/uploads\/2023\/05\/Bild-9-1.jpg\" class=\"attachment-full size-full\" alt=\"\" style=\"max-width: 600px; \" srcset=\"https:\/\/hundehilfe-rheinland.de\/wp-content\/uploads\/2023\/05\/Bild-9-1.jpg 2048w, https:\/\/hundehilfe-rheinland.de\/wp-content\/uploads\/2023\/05\/Bild-9-1-300x215.jpg 300w, https:\/\/hundehilfe-rheinland.de\/wp-content\/uploads\/2023\/05\/Bild-9-1-1024x734.jpg 1024w, https:\/\/hundehilfe-rheinland.de\/wp-content\/uploads\/2023\/05\/Bild-9-1-768x550.jpg 768w, https:\/\/hundehilfe-rheinland.de\/wp-content\/uploads\/2023\/05\/Bild-9-1-1536x1100.jpg 1536w, https:\/\/hundehilfe-rheinland.de\/wp-content\/uploads\/2023\/05\/Bild-9-1-84x60.jpg 84w\" sizes=\"auto, (max-width: 2048px) 100vw, 2048px\"><\/a><\/div><div class=\"ub-block-post-grid-text\" style=\"\"><div class=\"ub-block-post-grid-header-content\"><header class=\"ub-block-post-grid-header\"><h2 class=\"ub-block-post-grid-title\"><a style=\"\" href=\"https:\/\/hundehilfe-rheinland.de\/?p=1021\" rel=\"bookmark\">Lena, s\u00fc\u00dfe Flitzmaus \u2013 geboren 12\/2022<\/a><\/h2><\/header><\/div><div class=\"ub-block-post-grid-excerpt\"><div class=\"ub-block-post-grid-excerpt-text\" style=\"\"><p>S\u00fc\u00dfe Flitzmaus Lena \u2013 wartet in PLZ 47551 Bedburg Hau auf Besuch Die kleine Lena ist im Dezember 2022 geboren und wiegt aktuell 6,8 kg und hat eine R\u00fcckenh\u00f6he von 28 cm. Sie wird vermutlich recht klein bleiben und maximal ca. 35 cm gro\u00df werden und kommt urspr\u00fcnglich aus Rum\u00e4nien. Dort wurde die kleine S\u00fc\u00dfe\u2026<\/p>\n<\/div><p><a class=\"ub-block-post-grid-more-link ub-text-link\" style=\"\" href=\"https:\/\/hundehilfe-rheinland.de\/?p=1021\" rel=\"bookmark\">Weiterlesen&#8230; <span class=\"screen-reader-text\">Lena, s\u00fc\u00dfe Flitzmaus \u2013 geboren 12\/2022<\/span><\/a><\/p><\/div><\/div><\/article>\n<article id=\"post-1013\" class=\"ub-post-grid-item post-1013 post type-post status-publish format-standard has-post-thumbnail hentry category-hunde-im-ausland category-rueden-1-7-jahre\" style=\"\"><div class=\"ub-block-post-grid-image\" style=\"\"><a href=\"https:\/\/hundehilfe-rheinland.de\/?p=1013\" rel=\"bookmark\" aria-hidden=\"true\" tabindex=\"-1\"><img loading=\"lazy\" decoding=\"async\" width=\"360\" height=\"360\" src=\"https:\/\/hundehilfe-rheinland.de\/wp-content\/uploads\/2023\/05\/logo-hund.jpg\" class=\"attachment-full size-full\" alt=\"\" style=\"max-width: 600px; \" srcset=\"https:\/\/hundehilfe-rheinland.de\/wp-content\/uploads\/2023\/05\/logo-hund.jpg 360w, https:\/\/hundehilfe-rheinland.de\/wp-content\/uploads\/2023\/05\/logo-hund-300x300.jpg 300w, https:\/\/hundehilfe-rheinland.de\/wp-content\/uploads\/2023\/05\/logo-hund-150x150.jpg 150w, https:\/\/hundehilfe-rheinland.de\/wp-content\/uploads\/2023\/05\/logo-hund-60x60.jpg 60w\" sizes=\"auto, (max-width: 360px) 100vw, 360px\"><\/a><\/div><div class=\"ub-block-post-grid-text\" style=\"\"><div class=\"ub-block-post-grid-header-content\"><header class=\"ub-block-post-grid-header\"><h2 class=\"ub-block-post-grid-title\"><a style=\"\" href=\"https:\/\/hundehilfe-rheinland.de\/?p=1013\" rel=\"bookmark\">Leo, R\u00fcde \u2013 geboren ca. 3.2021<\/a><\/h2><\/header><\/div><div class=\"ub-block-post-grid-excerpt\"><div class=\"ub-block-post-grid-excerpt-text\" style=\"\"><p>Update 05 2023 Geschlecht: m\u00e4nnlich Geboren: ca. 03 2021 Gr\u00f6\u00dfe: gross \u2013 35 kg Vertr\u00e4glich mit Artgenossen: nein Verhalten Menschen gegen\u00fcber: sehr lieb Shelter: Alex Zlate 4dx \/ Staupe \u2013 negativ 29.04.2023 Kastriert Katzen: nicht ok Verletzungen und zu d\u00fcnn\u2026.. ist in Behandlung! Zu \u201eLeos\u201c Album geht es hier: https:\/\/www.facebook.com\/media\/set\/?set=a.617319823759008&amp;type=3 Falls Du Interesse an diesem\u2026<\/p>\n<\/div><p><a class=\"ub-block-post-grid-more-link ub-text-link\" style=\"\" href=\"https:\/\/hundehilfe-rheinland.de\/?p=1013\" rel=\"bookmark\">Weiterlesen&#8230; <span class=\"screen-reader-text\">Leo, R\u00fcde \u2013 geboren ca. 3.2021<\/span><\/a><\/p><\/div><\/div><\/article>\n<article id=\"post-909\" class=\"ub-post-grid-item post-909 post type-post status-publish format-standard has-post-thumbnail hentry category-rueden-1-7-jahre\" style=\"\"><div class=\"ub-block-post-grid-image\" style=\"\"><a href=\"https:\/\/hundehilfe-rheinland.de\/?p=909\" rel=\"bookmark\" aria-hidden=\"true\" tabindex=\"-1\"><img loading=\"lazy\" decoding=\"async\" width=\"1080\" height=\"1920\" src=\"https:\/\/hundehilfe-rheinland.de\/wp-content\/uploads\/2023\/05\/343115432_531975802256450_751497220141071_n.jpg\" class=\"attachment-full size-full\" alt=\"\" style=\"max-width: 600px; \" srcset=\"https:\/\/hundehilfe-rheinland.de\/wp-content\/uploads\/2023\/05\/343115432_531975802256450_751497220141071_n.jpg 1080w, https:\/\/hundehilfe-rheinland.de\/wp-content\/uploads\/2023\/05\/343115432_531975802256450_751497220141071_n-169x300.jpg 169w, https:\/\/hundehilfe-rheinland.de\/wp-content\/uploads\/2023\/05\/343115432_531975802256450_751497220141071_n-576x1024.jpg 576w, https:\/\/hundehilfe-rheinland.de\/wp-content\/uploads\/2023\/05\/343115432_531975802256450_751497220141071_n-768x1365.jpg 768w, https:\/\/hundehilfe-rheinland.de\/wp-content\/uploads\/2023\/05\/343115432_531975802256450_751497220141071_n-864x1536.jpg 864w, https:\/\/hundehilfe-rheinland.de\/wp-content\/uploads\/2023\/05\/343115432_531975802256450_751497220141071_n-34x60.jpg 34w\" sizes=\"auto, (max-width: 1080px) 100vw, 1080px\"><\/a><\/div><div class=\"ub-block-post-grid-text\" style=\"\"><div class=\"ub-block-post-grid-header-content\"><header class=\"ub-block-post-grid-header\"><h2 class=\"ub-block-post-grid-title\"><a style=\"\" href=\"https:\/\/hundehilfe-rheinland.de\/?p=909\" rel=\"bookmark\">Kaami \/ R\u00fcde<\/a><\/h2><\/header><\/div><div class=\"ub-block-post-grid-excerpt\"><div class=\"ub-block-post-grid-excerpt-text\" style=\"\"><p>Update 05 2023 Geschlecht: m\u00e4nnlich Geboren: 03 2020 Gr\u00f6\u00dfe: gross \u2013 28 kg Vertr\u00e4glich mit Artgenossen: ok \u2013 aber nur mit gro\u00dfen Hunden Verhalten Menschen gegen\u00fcber: lieb Katzen und kleine Hunde: nicht ok Shelter: Alex Zlate 4dx \/ Staupe \u2013 03.05.2023 OK Geschlecht: m\u00e4nnlich Geboren: 03 2020 Katzen und kleine Hunde: nicht ok Die Maus\u2026<\/p>\n<\/div><p><a class=\"ub-block-post-grid-more-link ub-text-link\" style=\"\" href=\"https:\/\/hundehilfe-rheinland.de\/?p=909\" rel=\"bookmark\">Weiterlesen&#8230; <span class=\"screen-reader-text\">Kaami \/ R\u00fcde<\/span><\/a><\/p><\/div><\/div><\/article>\n<article id=\"post-374\" class=\"ub-post-grid-item post-374 post type-post status-publish format-standard has-post-thumbnail hentry category-2-rueden category-rueden-1-7-jahre category-5-senioren\" style=\"\"><div class=\"ub-block-post-grid-image\" style=\"\"><a href=\"https:\/\/hundehilfe-rheinland.de\/?p=374\" rel=\"bookmark\" aria-hidden=\"true\" tabindex=\"-1\"><img loading=\"lazy\" decoding=\"async\" width=\"1536\" height=\"952\" src=\"https:\/\/hundehilfe-rheinland.de\/wp-content\/uploads\/2022\/04\/samson4-e1657657507570.jpg\" class=\"attachment-full size-full\" alt=\"\" style=\"max-width: 600px; \" srcset=\"https:\/\/hundehilfe-rheinland.de\/wp-content\/uploads\/2022\/04\/samson4-e1657657507570.jpg 1536w, https:\/\/hundehilfe-rheinland.de\/wp-content\/uploads\/2022\/04\/samson4-e1657657507570-300x186.jpg 300w, https:\/\/hundehilfe-rheinland.de\/wp-content\/uploads\/2022\/04\/samson4-e1657657507570-1024x635.jpg 1024w, https:\/\/hundehilfe-rheinland.de\/wp-content\/uploads\/2022\/04\/samson4-e1657657507570-768x476.jpg 768w, https:\/\/hundehilfe-rheinland.de\/wp-content\/uploads\/2022\/04\/samson4-e1657657507570-97x60.jpg 97w\" sizes=\"auto, (max-width: 1536px) 100vw, 1536px\"><\/a><\/div><div class=\"ub-block-post-grid-text\" style=\"\"><div class=\"ub-block-post-grid-header-content\"><header class=\"ub-block-post-grid-header\"><h2 class=\"ub-block-post-grid-title\"><a style=\"\" href=\"https:\/\/hundehilfe-rheinland.de\/?p=374\" rel=\"bookmark\">Samson, R\u00fcde \u2013 13 Jahre<\/a><\/h2><\/header><\/div><div class=\"ub-block-post-grid-excerpt\"><div class=\"ub-block-post-grid-excerpt-text\" style=\"\"><p>Geschlecht: m\u00e4nnlich<br>\nGeboren: 07\/2009<br>\nGr\u00f6\u00dfe: 55 \u2013 60 cm<br>\nGewicht: 28-30 kg (gesch\u00e4tzt)<br>\nGerettet: 10\/2019<\/p>\n<\/div><p><a class=\"ub-block-post-grid-more-link ub-text-link\" style=\"\" href=\"https:\/\/hundehilfe-rheinland.de\/?p=374\" rel=\"bookmark\">Weiterlesen&#8230; <span class=\"screen-reader-text\">Samson, R\u00fcde \u2013 13 Jahre<\/span><\/a><\/p><\/div><\/div><\/article>\n<article id=\"post-325\" class=\"ub-post-grid-item post-325 post type-post status-publish format-standard has-post-thumbnail hentry category-2-rueden\" style=\"\"><div class=\"ub-block-post-grid-image\" style=\"\"><a href=\"https:\/\/hundehilfe-rheinland.de\/?p=325\" rel=\"bookmark\" aria-hidden=\"true\" tabindex=\"-1\"><img loading=\"lazy\" decoding=\"async\" width=\"1080\" height=\"1449\" src=\"https:\/\/hundehilfe-rheinland.de\/wp-content\/uploads\/2022\/04\/matu3-e1648918572938.jpg\" class=\"attachment-full size-full\" alt=\"\" style=\"max-width: 600px; \" srcset=\"https:\/\/hundehilfe-rheinland.de\/wp-content\/uploads\/2022\/04\/matu3-e1648918572938.jpg 1080w, https:\/\/hundehilfe-rheinland.de\/wp-content\/uploads\/2022\/04\/matu3-e1648918572938-224x300.jpg 224w, https:\/\/hundehilfe-rheinland.de\/wp-content\/uploads\/2022\/04\/matu3-e1648918572938-763x1024.jpg 763w, https:\/\/hundehilfe-rheinland.de\/wp-content\/uploads\/2022\/04\/matu3-e1648918572938-768x1030.jpg 768w, https:\/\/hundehilfe-rheinland.de\/wp-content\/uploads\/2022\/04\/matu3-e1648918572938-45x60.jpg 45w\" sizes=\"auto, (max-width: 1080px) 100vw, 1080px\"><\/a><\/div><div class=\"ub-block-post-grid-text\" style=\"\"><div class=\"ub-block-post-grid-header-content\"><header class=\"ub-block-post-grid-header\"><h2 class=\"ub-block-post-grid-title\"><a style=\"\" href=\"https:\/\/hundehilfe-rheinland.de\/?p=325\" rel=\"bookmark\">Matu, R\u00fcde \u2013 6 Jahre<\/a><\/h2><\/header><\/div><div class=\"ub-block-post-grid-excerpt\"><div class=\"ub-block-post-grid-excerpt-text\" style=\"\"><p>Geschlecht: m\u00e4nnlich<br>\nGeboren: 06 2016<br>\nGr\u00f6sse: gross<\/p>\n<\/div><p><a class=\"ub-block-post-grid-more-link ub-text-link\" style=\"\" href=\"https:\/\/hundehilfe-rheinland.de\/?p=325\" rel=\"bookmark\">Weiterlesen&#8230; <span class=\"screen-reader-text\">Matu, R\u00fcde \u2013 6 Jahre<\/span><\/a><\/p><\/div><\/div><\/article>\n<article id=\"post-55\" class=\"ub-post-grid-item post-55 post type-post status-publish format-standard has-post-thumbnail hentry category-1-huendinnen\" style=\"\"><div class=\"ub-block-post-grid-image\" style=\"\"><a href=\"https:\/\/hundehilfe-rheinland.de\/?p=55\" rel=\"bookmark\" aria-hidden=\"true\" tabindex=\"-1\"><img loading=\"lazy\" decoding=\"async\" width=\"1016\" height=\"1033\" src=\"https:\/\/hundehilfe-rheinland.de\/wp-content\/uploads\/2022\/03\/2-1-e1648916806792.jpg\" class=\"attachment-full size-full\" alt=\"\" style=\"max-width: 600px; \" srcset=\"https:\/\/hundehilfe-rheinland.de\/wp-content\/uploads\/2022\/03\/2-1-e1648916806792.jpg 1016w, https:\/\/hundehilfe-rheinland.de\/wp-content\/uploads\/2022\/03\/2-1-e1648916806792-295x300.jpg 295w, https:\/\/hundehilfe-rheinland.de\/wp-content\/uploads\/2022\/03\/2-1-e1648916806792-1007x1024.jpg 1007w, https:\/\/hundehilfe-rheinland.de\/wp-content\/uploads\/2022\/03\/2-1-e1648916806792-768x781.jpg 768w, https:\/\/hundehilfe-rheinland.de\/wp-content\/uploads\/2022\/03\/2-1-e1648916806792-59x60.jpg 59w\" sizes=\"auto, (max-width: 1016px) 100vw, 1016px\"><\/a><\/div><div class=\"ub-block-post-grid-text\" style=\"\"><div class=\"ub-block-post-grid-header-content\"><header class=\"ub-block-post-grid-header\"><h2 class=\"ub-block-post-grid-title\"><a style=\"\" href=\"https:\/\/hundehilfe-rheinland.de\/?p=55\" rel=\"bookmark\">Kira, H\u00fcndin \u2013 ca. 5 Jahre<\/a><\/h2><\/header><\/div><div class=\"ub-block-post-grid-excerpt\"><div class=\"ub-block-post-grid-excerpt-text\" style=\"\"><p>Geschlecht: weiblich<br>\nGeboren: 02 2017<br>\nGr\u00f6\u00dfe: 66c, 35n, 80L, 51H, 17kg<\/p>\n<\/div><p><a class=\"ub-block-post-grid-more-link ub-text-link\" style=\"\" href=\"https:\/\/hundehilfe-rheinland.de\/?p=55\" rel=\"bookmark\">Weiterlesen&#8230; <span class=\"screen-reader-text\">Kira, H\u00fcndin \u2013 ca. 5 Jahre<\/span><\/a><\/p><\/div><\/div><\/article>\n<article id=\"post-48\" class=\"ub-post-grid-item post-48 post type-post status-publish format-standard has-post-thumbnail hentry category-2-rueden category-5-senioren\" style=\"\"><div class=\"ub-block-post-grid-image\" style=\"\"><a href=\"https:\/\/hundehilfe-rheinland.de\/?p=48\" rel=\"bookmark\" aria-hidden=\"true\" tabindex=\"-1\"><img loading=\"lazy\" decoding=\"async\" width=\"1500\" height=\"2000\" src=\"https:\/\/hundehilfe-rheinland.de\/wp-content\/uploads\/2022\/03\/3.jpg\" class=\"attachment-full size-full\" alt=\"\" style=\"max-width: 600px; \" srcset=\"https:\/\/hundehilfe-rheinland.de\/wp-content\/uploads\/2022\/03\/3.jpg 1500w, https:\/\/hundehilfe-rheinland.de\/wp-content\/uploads\/2022\/03\/3-225x300.jpg 225w, https:\/\/hundehilfe-rheinland.de\/wp-content\/uploads\/2022\/03\/3-768x1024.jpg 768w, https:\/\/hundehilfe-rheinland.de\/wp-content\/uploads\/2022\/03\/3-1152x1536.jpg 1152w, https:\/\/hundehilfe-rheinland.de\/wp-content\/uploads\/2022\/03\/3-1200x1600.jpg 1200w\" sizes=\"auto, (max-width: 1500px) 100vw, 1500px\"><\/a><\/div><div class=\"ub-block-post-grid-text\" style=\"\"><div class=\"ub-block-post-grid-header-content\"><header class=\"ub-block-post-grid-header\"><h2 class=\"ub-block-post-grid-title\"><a style=\"\" href=\"https:\/\/hundehilfe-rheinland.de\/?p=48\" rel=\"bookmark\">Benno, R\u00fcde \u2013 ca. 9 Jahre<\/a><\/h2><\/header><\/div><div class=\"ub-block-post-grid-excerpt\"><div class=\"ub-block-post-grid-excerpt-text\" style=\"\"><p>Geschlecht: m\u00e4nnlich<br>\nGeboren: 05 2012<br>\nGr\u00f6\u00dfe: gross<\/p>\n<\/div><p><a class=\"ub-block-post-grid-more-link ub-text-link\" style=\"\" href=\"https:\/\/hundehilfe-rheinland.de\/?p=48\" rel=\"bookmark\">Weiterlesen&#8230; <span class=\"screen-reader-text\">Benno, R\u00fcde \u2013 ca. 9 Jahre<\/span><\/a><\/p><\/div><\/div><\/article>\n<article id=\"post-1\" class=\"ub-post-grid-item post-1 post type-post status-publish format-standard has-post-thumbnail hentry category-4-junghunde category-2-rueden\" style=\"\"><div class=\"ub-block-post-grid-image\" style=\"\"><a href=\"https:\/\/hundehilfe-rheinland.de\/?p=1\" rel=\"bookmark\" aria-hidden=\"true\" tabindex=\"-1\"><img loading=\"lazy\" decoding=\"async\" width=\"1532\" height=\"2048\" src=\"https:\/\/hundehilfe-rheinland.de\/wp-content\/uploads\/2022\/03\/bilder7.jpg\" class=\"attachment-full size-full\" alt=\"\" style=\"max-width: 600px; \" srcset=\"https:\/\/hundehilfe-rheinland.de\/wp-content\/uploads\/2022\/03\/bilder7.jpg 1532w, https:\/\/hundehilfe-rheinland.de\/wp-content\/uploads\/2022\/03\/bilder7-224x300.jpg 224w, https:\/\/hundehilfe-rheinland.de\/wp-content\/uploads\/2022\/03\/bilder7-766x1024.jpg 766w, https:\/\/hundehilfe-rheinland.de\/wp-content\/uploads\/2022\/03\/bilder7-768x1027.jpg 768w, https:\/\/hundehilfe-rheinland.de\/wp-content\/uploads\/2022\/03\/bilder7-1149x1536.jpg 1149w, https:\/\/hundehilfe-rheinland.de\/wp-content\/uploads\/2022\/03\/bilder7-1200x1604.jpg 1200w\" sizes=\"auto, (max-width: 1532px) 100vw, 1532px\"><\/a><\/div><div class=\"ub-block-post-grid-text\" style=\"\"><div class=\"ub-block-post-grid-header-content\"><header class=\"ub-block-post-grid-header\"><h2 class=\"ub-block-post-grid-title\"><a style=\"\" href=\"https:\/\/hundehilfe-rheinland.de\/?p=1\" rel=\"bookmark\">Charly, R\u00fcde \u2013 ca. 1 Jahr<\/a><\/h2><\/header><\/div><div class=\"ub-block-post-grid-excerpt\"><div class=\"ub-block-post-grid-excerpt-text\" style=\"\"><p>Charly, knapp 1 Jahr jung, wurde gerade kastriert. Er ist ein sehr charmanter, lieber, sehr kluger, junger R\u00fcde mit noch vielen Flausen im Kopf.<\/p>\n<\/div><p><a class=\"ub-block-post-grid-more-link ub-text-link\" style=\"\" href=\"https:\/\/hundehilfe-rheinland.de\/?p=1\" rel=\"bookmark\">Weiterlesen&#8230; <span class=\"screen-reader-text\">Charly, R\u00fcde \u2013 ca. 1 Jahr<\/span><\/a><\/p><\/div><\/div><\/article>\n<\/div><\/section>","protected":false},"excerpt":{"rendered":"<p>Hunde Einige Hunde findest Du direkt auf unserer Homepage. Um Dir das Suchen zu erleichtern, haben wir bereits ein paar Kategorien angelegt. Viel Erfolg \u2013 vielleicht verliebst Du Dich in einen unserer tollen Vierbeiner\u2026 Weitere Tiere findest Du hier &gt;&gt;<\/p>\n","protected":false},"author":3,"featured_media":258,"parent":0,"menu_order":0,"comment_status":"closed","ping_status":"closed","template":"","meta":{"_uag_custom_page_level_css":"","footnotes":""},"class_list":["post-12","page","type-page","status-publish","has-post-thumbnail","hentry"],"featured_image_src":"https:\/\/hundehilfe-rheinland.de\/wp-content\/uploads\/2022\/04\/pexels-helena-lopes-1959052-1-scaled.jpg","uagb_featured_image_src":{"full":["https:\/\/hundehilfe-rheinland.de\/wp-content\/uploads\/2022\/04\/pexels-helena-lopes-1959052-1-scaled.jpg",2560,1707,false],"thumbnail":["https:\/\/hundehilfe-rheinland.de\/wp-content\/uploads\/2022\/04\/pexels-helena-lopes-1959052-1-150x150.jpg",150,150,true],"medium":["https:\/\/hundehilfe-rheinland.de\/wp-content\/uploads\/2022\/04\/pexels-helena-lopes-1959052-1-300x200.jpg",300,200,true],"medium_large":["https:\/\/hundehilfe-rheinland.de\/wp-content\/uploads\/2022\/04\/pexels-helena-lopes-1959052-1-768x512.jpg",768,512,true],"large":["https:\/\/hundehilfe-rheinland.de\/wp-content\/uploads\/2022\/04\/pexels-helena-lopes-1959052-1-1024x683.jpg",925,617,true],"1536x1536":["https:\/\/hundehilfe-rheinland.de\/wp-content\/uploads\/2022\/04\/pexels-helena-lopes-1959052-1-1536x1024.jpg",1536,1024,true],"2048x2048":["https:\/\/hundehilfe-rheinland.de\/wp-content\/uploads\/2022\/04\/pexels-helena-lopes-1959052-1-2048x1365.jpg",2048,1365,true],"blossom-fashion-slider":["https:\/\/hundehilfe-rheinland.de\/wp-content\/uploads\/2022\/04\/pexels-helena-lopes-1959052-1-1920x760.jpg",1920,760,true],"blossom-fashion-featured":["https:\/\/hundehilfe-rheinland.de\/wp-content\/uploads\/2022\/04\/pexels-helena-lopes-1959052-1-400x230.jpg",400,230,true],"blossom-fashion-with-sidebar":["https:\/\/hundehilfe-rheinland.de\/wp-content\/uploads\/2022\/04\/pexels-helena-lopes-1959052-1-925x540.jpg",925,540,true],"blossom-fashion-fullwidth":["https:\/\/hundehilfe-rheinland.de\/wp-content\/uploads\/2022\/04\/pexels-helena-lopes-1959052-1-1320x540.jpg",1320,540,true],"blossom-fashion-blog-home":["https:\/\/hundehilfe-rheinland.de\/wp-content\/uploads\/2022\/04\/pexels-helena-lopes-1959052-1-435x332.jpg",435,332,true],"blossom-fashion-blog-archive":["https:\/\/hundehilfe-rheinland.de\/wp-content\/uploads\/2022\/04\/pexels-helena-lopes-1959052-1-260x200.jpg",260,200,true],"blossom-fashion-related":["https:\/\/hundehilfe-rheinland.de\/wp-content\/uploads\/2022\/04\/pexels-helena-lopes-1959052-1-300x232.jpg",300,232,true],"blossom-fashion-popular":["https:\/\/hundehilfe-rheinland.de\/wp-content\/uploads\/2022\/04\/pexels-helena-lopes-1959052-1-280x215.jpg",280,215,true],"blossom-fashion-schema":["https:\/\/hundehilfe-rheinland.de\/wp-content\/uploads\/2022\/04\/pexels-helena-lopes-1959052-1-90x60.jpg",90,60,true],"blossom-fashion-shop":["https:\/\/hundehilfe-rheinland.de\/wp-content\/uploads\/2022\/04\/pexels-helena-lopes-1959052-1-293x400.jpg",293,400,true]},"uagb_author_info":{"display_name":"Martina","author_link":"https:\/\/hundehilfe-rheinland.de\/?author=3"},"uagb_comment_info":0,"uagb_excerpt":"Hunde Einige Hunde findest Du direkt auf unserer Homepage. Um Dir das Suchen zu erleichtern, haben wir bereits ein paar Kategorien angelegt. Viel Erfolg \u2013 vielleicht verliebst Du Dich in einen unserer tollen Vierbeiner\u2026 Weitere Tiere findest Du hier &gt;&gt;","_links":{"self":[{"href":"https:\/\/hundehilfe-rheinland.de\/index.php?rest_route=\/wp\/v2\/pages\/12","targetHints":{"allow":["GET"]}}],"collection":[{"href":"https:\/\/hundehilfe-rheinland.de\/index.php?rest_route=\/wp\/v2\/pages"}],"about":[{"href":"https:\/\/hundehilfe-rheinland.de\/index.php?rest_route=\/wp\/v2\/types\/page"}],"author":[{"embeddable":true,"href":"https:\/\/hundehilfe-rheinland.de\/index.php?rest_route=\/wp\/v2\/users\/3"}],"replies":[{"embeddable":true,"href":"https:\/\/hundehilfe-rheinland.de\/index.php?rest_route=%2Fwp%2Fv2%2Fcomments&post=12"}],"version-history":[{"count":47,"href":"https:\/\/hundehilfe-rheinland.de\/index.php?rest_route=\/wp\/v2\/pages\/12\/revisions"}],"predecessor-version":[{"id":1000,"href":"https:\/\/hundehilfe-rheinland.de\/index.php?rest_route=\/wp\/v2\/pages\/12\/revisions\/1000"}],"wp:featuredmedia":[{"embeddable":true,"href":"https:\/\/hundehilfe-rheinland.de\/index.php?rest_route=\/wp\/v2\/media\/258"}],"wp:attachment":[{"href":"https:\/\/hundehilfe-rheinland.de\/index.php?rest_route=%2Fwp%2Fv2%2Fmedia&parent=12"}],"curies":[{"name":"wp","href":"https:\/\/api.w.org\/{rel}","templated":true}]}}