{"id":42,"date":"2022-03-23T21:04:02","date_gmt":"2022-03-23T20:04:02","guid":{"rendered":"https:\/\/hundehilfe-rheinland.de\/?page_id=42"},"modified":"2023-05-22T20:19:45","modified_gmt":"2023-05-22T19:19:45","slug":"helfen","status":"publish","type":"page","link":"https:\/\/hundehilfe-rheinland.de\/?page_id=42","title":{"rendered":"Helfen"},"content":{"rendered":"\n<h2 class=\"wp-block-heading has-text-align-center\">Helfen<\/h2>\n\n\n\n<p class=\"has-medium-font-size\">Da wir als gemeinn\u00fctziger Verein keine festen Eink\u00fcnfte haben, sind wir auf Spenden angewiesen. Wir ben\u00f6tigen dringend allgemeine Geldspenden, aber auch die Kosten\u00fcbernahme von Futter*, sowie die Ausgaben die im Rahmen der Ausreisevorbereitung** und des Transports*** anfallen. Wenn Du f\u00fcr eine monatliche Futterpatenschaft den Namen des Hundes nicht wei\u00dft, dann schreib uns kurz an. Wir helfen gerne weiter.<\/p>\n\n\n\n<p><\/p>\n\n\n<p><strong>Hundehilfe Rheinland e.V.<\/strong><\/p>\n<p>IBAN: DE70 3701 0050 0975 7755 00<br \/>BIC: PBNKDEFF<\/p>\n<p>Verwendungszweck: Futterpatenschaft, ggf. Name des Hundes oder Spende<\/p>\n\n\n<p>Gooding &#8211;> <a href=\"https:\/\/www.gooding.de\/hundehilfe-rheinland-e-v-71933\" target=\"_blank\" rel=\"noreferrer noopener\">hier spenden<\/a><\/p>\n\n\n\n<p>Veto &#8211; Spendenseite &#8211;> <a href=\"https:\/\/www.veto-tierschutz.de\/?wid=1476445&amp;fbclid=IwAR3ZnrYww8W4oFluG78vI2R9YpMngyCpW4KI6RPJCmzFXHCAjhPtTJPfkzo\" target=\"_blank\" rel=\"noreferrer noopener\">hier spenden<\/a><\/p>\n\n\n\n<p><\/p>\n\n\n\n<style>\r\n        .wpedon-container .wpedon-select,\r\n        .wpedon-container .wpedon-input {\r\n            width: 170px;\r\n            min-width: 170px;\r\n            max-width: 170px;\r\n        }\r\n    <\/style><div class='wpedon-container wpedon-align-left'><form target='_blank' action='https:\/\/www.paypal.com\/cgi-bin\/webscr' method='post' class='wpedon-form'><input type='hidden' name='cmd' value='_donations' \/><input type='hidden' name='business' value='info@hundehilfe-rheinland.de' \/><input type='hidden' name='currency_code' value='EUR' \/><input type='hidden' name='notify_url' value='https:\/\/hundehilfe-rheinland.de\/wp-admin\/admin-post.php?action=add_wpedon_button_ipn'><input type='hidden' name='lc' value='de_DE'><input type='hidden' name='bn' value='WPPlugin_SP'><input type='hidden' name='return' value='https:\/\/hundehilfe-rheinland.de\/unterstuetzung\/' \/><input type='hidden' name='cancel_return' value='https:\/\/hundehilfe-rheinland.de\/unterstuetzung\/' \/><input class='wpedon_paypalbuttonimage' type='image' src='https:\/\/www.paypalobjects.com\/webstatic\/en_US\/btn\/btn_donate_pp_142x27.png' border='0' name='submit' alt='Make your payments with PayPal. It is free, secure, effective.' style='border: none;'><img alt='' border='0' style='border:none;display:none;' src='https:\/\/www.paypal.com\/de_DE\/i\/scr\/pixel.gif' width='1' height='1'><input type='hidden' name='amount' id='amount_ff50fc9b9b1ea73b2abe8acde85fb5ee' value='' \/><input type='hidden' name='price' id='price_ff50fc9b9b1ea73b2abe8acde85fb5ee' value='' \/><input type='hidden' name='item_number' value='' \/><input type='hidden' name='item_name' value='' \/><input type='hidden' name='name' value='' \/><input type='hidden' name='custom' value='79'><input type='hidden' name='no_shipping' value='1'><input type='hidden' name='no_note' value='1'><input type='hidden' name='currency_code' value='EUR'><\/form><\/div>\n\n\n\n<p><\/p>\n\n\n\n<p>*Futterpatenschaft, monatlich 40-50,-\u20ac<\/p>\n\n\n\n<p>**Ausreisevorbereitung (Impfung, 4dx-test, Entwurmung, Chip, Pass): 240,- Euro pauschal. Diese Kosten m\u00fcssen vor Ausreise des Hundes auf unser Vereinskonto eingezahlt werden.<\/p>\n\n\n\n<p>***Transportkosten (Je nach Transportart &#8211; Flugzeug oder Auto): 140,- Euro; zahlbar an uns oder direkt an den Transporteur. Auto-Transport ist pauschal, Flug-Reise variiert nach Gr\u00f6\u00dfe des Hundes und Fluggesellschaft.<\/p>\n\n\n\n<p><\/p>\n","protected":false},"excerpt":{"rendered":"<p>Helfen Da wir als gemeinn\u00fctziger Verein keine festen Eink\u00fcnfte haben, sind wir auf Spenden angewiesen. Wir ben\u00f6tigen dringend allgemeine Geldspenden, aber auch die Kosten\u00fcbernahme von Futter*, sowie die Ausgaben die im Rahmen der Ausreisevorbereitung** und des Transports*** anfallen. Wenn Du f\u00fcr eine monatliche Futterpatenschaft den Namen des Hundes nicht wei\u00dft, dann schreib uns kurz an. &hellip; <\/p>\n","protected":false},"author":3,"featured_media":281,"parent":0,"menu_order":0,"comment_status":"closed","ping_status":"closed","template":"","meta":{"_uag_custom_page_level_css":"","footnotes":""},"class_list":["post-42","page","type-page","status-publish","has-post-thumbnail","hentry"],"featured_image_src":"https:\/\/hundehilfe-rheinland.de\/wp-content\/uploads\/2022\/04\/pexels-blue-bird-7210698-scaled-e1649094611422.jpg","uagb_featured_image_src":{"full":["https:\/\/hundehilfe-rheinland.de\/wp-content\/uploads\/2022\/04\/pexels-blue-bird-7210698-scaled-e1649094611422.jpg",1707,1760,false],"thumbnail":["https:\/\/hundehilfe-rheinland.de\/wp-content\/uploads\/2022\/04\/pexels-blue-bird-7210698-scaled-e1649094611422-150x150.jpg",150,150,true],"medium":["https:\/\/hundehilfe-rheinland.de\/wp-content\/uploads\/2022\/04\/pexels-blue-bird-7210698-scaled-e1649094611422-291x300.jpg",291,300,true],"medium_large":["https:\/\/hundehilfe-rheinland.de\/wp-content\/uploads\/2022\/04\/pexels-blue-bird-7210698-scaled-e1649094611422-768x792.jpg",768,792,true],"large":["https:\/\/hundehilfe-rheinland.de\/wp-content\/uploads\/2022\/04\/pexels-blue-bird-7210698-scaled-e1649094611422-993x1024.jpg",925,954,true],"1536x1536":["https:\/\/hundehilfe-rheinland.de\/wp-content\/uploads\/2022\/04\/pexels-blue-bird-7210698-scaled-e1649094611422-1490x1536.jpg",1490,1536,true],"2048x2048":["https:\/\/hundehilfe-rheinland.de\/wp-content\/uploads\/2022\/04\/pexels-blue-bird-7210698-1365x2048.jpg",1365,2048,true],"blossom-fashion-slider":["https:\/\/hundehilfe-rheinland.de\/wp-content\/uploads\/2022\/04\/pexels-blue-bird-7210698-scaled-e1649094611422-1707x760.jpg",1707,760,true],"blossom-fashion-featured":["https:\/\/hundehilfe-rheinland.de\/wp-content\/uploads\/2022\/04\/pexels-blue-bird-7210698-scaled-e1649094611422-400x230.jpg",400,230,true],"blossom-fashion-with-sidebar":["https:\/\/hundehilfe-rheinland.de\/wp-content\/uploads\/2022\/04\/pexels-blue-bird-7210698-scaled-e1649094611422-925x540.jpg",925,540,true],"blossom-fashion-fullwidth":["https:\/\/hundehilfe-rheinland.de\/wp-content\/uploads\/2022\/04\/pexels-blue-bird-7210698-scaled-e1649094611422-1320x540.jpg",1320,540,true],"blossom-fashion-blog-home":["https:\/\/hundehilfe-rheinland.de\/wp-content\/uploads\/2022\/04\/pexels-blue-bird-7210698-scaled-e1649094611422-435x332.jpg",435,332,true],"blossom-fashion-blog-archive":["https:\/\/hundehilfe-rheinland.de\/wp-content\/uploads\/2022\/04\/pexels-blue-bird-7210698-scaled-e1649094611422-260x200.jpg",260,200,true],"blossom-fashion-related":["https:\/\/hundehilfe-rheinland.de\/wp-content\/uploads\/2022\/04\/pexels-blue-bird-7210698-scaled-e1649094611422-300x232.jpg",300,232,true],"blossom-fashion-popular":["https:\/\/hundehilfe-rheinland.de\/wp-content\/uploads\/2022\/04\/pexels-blue-bird-7210698-scaled-e1649094611422-280x215.jpg",280,215,true],"blossom-fashion-schema":["https:\/\/hundehilfe-rheinland.de\/wp-content\/uploads\/2022\/04\/pexels-blue-bird-7210698-scaled-e1649094611422-58x60.jpg",58,60,true],"blossom-fashion-shop":["https:\/\/hundehilfe-rheinland.de\/wp-content\/uploads\/2022\/04\/pexels-blue-bird-7210698-scaled-e1649094611422-293x400.jpg",293,400,true]},"uagb_author_info":{"display_name":"Martina","author_link":"https:\/\/hundehilfe-rheinland.de\/?author=3"},"uagb_comment_info":0,"uagb_excerpt":"Helfen Da wir als gemeinn\u00fctziger Verein keine festen Eink\u00fcnfte haben, sind wir auf Spenden angewiesen. Wir ben\u00f6tigen dringend allgemeine Geldspenden, aber auch die Kosten\u00fcbernahme von Futter*, sowie die Ausgaben die im Rahmen der Ausreisevorbereitung** und des Transports*** anfallen. Wenn Du f\u00fcr eine monatliche Futterpatenschaft den Namen des Hundes nicht wei\u00dft, dann schreib uns kurz an.&hellip;","_links":{"self":[{"href":"https:\/\/hundehilfe-rheinland.de\/index.php?rest_route=\/wp\/v2\/pages\/42","targetHints":{"allow":["GET"]}}],"collection":[{"href":"https:\/\/hundehilfe-rheinland.de\/index.php?rest_route=\/wp\/v2\/pages"}],"about":[{"href":"https:\/\/hundehilfe-rheinland.de\/index.php?rest_route=\/wp\/v2\/types\/page"}],"author":[{"embeddable":true,"href":"https:\/\/hundehilfe-rheinland.de\/index.php?rest_route=\/wp\/v2\/users\/3"}],"replies":[{"embeddable":true,"href":"https:\/\/hundehilfe-rheinland.de\/index.php?rest_route=%2Fwp%2Fv2%2Fcomments&post=42"}],"version-history":[{"count":34,"href":"https:\/\/hundehilfe-rheinland.de\/index.php?rest_route=\/wp\/v2\/pages\/42\/revisions"}],"predecessor-version":[{"id":945,"href":"https:\/\/hundehilfe-rheinland.de\/index.php?rest_route=\/wp\/v2\/pages\/42\/revisions\/945"}],"wp:featuredmedia":[{"embeddable":true,"href":"https:\/\/hundehilfe-rheinland.de\/index.php?rest_route=\/wp\/v2\/media\/281"}],"wp:attachment":[{"href":"https:\/\/hundehilfe-rheinland.de\/index.php?rest_route=%2Fwp%2Fv2%2Fmedia&parent=42"}],"curies":[{"name":"wp","href":"https:\/\/api.w.org\/{rel}","templated":true}]}}