{"id":494,"date":"2022-07-10T15:23:40","date_gmt":"2022-07-10T14:23:40","guid":{"rendered":"https:\/\/hundehilfe-rheinland.de\/?page_id=494"},"modified":"2022-07-12T19:27:48","modified_gmt":"2022-07-12T18:27:48","slug":"impressum-2","status":"publish","type":"page","link":"https:\/\/hundehilfe-rheinland.de\/?page_id=494","title":{"rendered":"Impressum"},"content":{"rendered":"\n<h1 class=\"wp-block-heading\">Impressum<\/h1>\n\n\n\n<h2 class=\"wp-block-heading\">Angaben gem\u00e4\u00df \u00a7 5 TMG<\/h2>\n\n\n\n<p>Hundehilfe Rheinland e.V.<br>Vinzenz-Feckter-Str. 9<br>51469 Bergisch Gladbach<\/p>\n\n\n\n<p>Vereinsregister: 18135<br>Registergericht: K\u00f6ln<\/p>\n\n\n\n<p><strong>Vertreten durch:<\/strong><br>1. Vorsitzende<br>Marika Kronenberg<\/p>\n\n\n\n<h2 class=\"wp-block-heading\">Kontakt<\/h2>\n\n\n\n<p>Telefon: <a href=\"tel:+4915734290760\">0157\/34290760<\/a><br>E-Mail: <a href=\"mailto:info@hundehilfe-rheinland.de\">info@hundehilfe-rheinland.de<\/a><\/p>\n\n\n\n<h2 class=\"wp-block-heading\">Verbraucher\u00adstreit\u00adbeilegung\/Universal\u00adschlichtungs\u00adstelle<\/h2>\n\n\n\n<p>Wir sind nicht bereit oder verpflichtet, an Streitbeilegungsverfahren vor einer Verbraucherschlichtungsstelle teilzunehmen.<\/p>\n\n\n\n<hr class=\"wp-block-separator has-alpha-channel-opacity\"\/>\n\n\n\n<h3 class=\"wp-block-heading\">Quellennachweise<\/h3>\n\n\n\n<div class=\"wp-block-media-text alignwide is-stacked-on-mobile is-image-fill\"><figure class=\"wp-block-media-text__media\" style=\"background-image:url(https:\/\/hundehilfe-rheinland.de\/wp-content\/uploads\/2022\/04\/pexels-helena-lopes-1959052-1-1024x683.jpg);background-position:50% 50%\"><img loading=\"lazy\" decoding=\"async\" width=\"1024\" height=\"683\" src=\"https:\/\/hundehilfe-rheinland.de\/wp-content\/uploads\/2022\/04\/pexels-helena-lopes-1959052-1-1024x683.jpg\" alt=\"\" class=\"wp-image-258 size-full\" srcset=\"https:\/\/hundehilfe-rheinland.de\/wp-content\/uploads\/2022\/04\/pexels-helena-lopes-1959052-1-1024x683.jpg 1024w, https:\/\/hundehilfe-rheinland.de\/wp-content\/uploads\/2022\/04\/pexels-helena-lopes-1959052-1-300x200.jpg 300w, https:\/\/hundehilfe-rheinland.de\/wp-content\/uploads\/2022\/04\/pexels-helena-lopes-1959052-1-768x512.jpg 768w, https:\/\/hundehilfe-rheinland.de\/wp-content\/uploads\/2022\/04\/pexels-helena-lopes-1959052-1-1536x1024.jpg 1536w, https:\/\/hundehilfe-rheinland.de\/wp-content\/uploads\/2022\/04\/pexels-helena-lopes-1959052-1-2048x1365.jpg 2048w, https:\/\/hundehilfe-rheinland.de\/wp-content\/uploads\/2022\/04\/pexels-helena-lopes-1959052-1-90x60.jpg 90w\" sizes=\"auto, (max-width: 1024px) 100vw, 1024px\" \/><\/figure><div class=\"wp-block-media-text__content\">\n<p class=\"has-small-font-size\">Foto von&nbsp;<strong><a href=\"https:\/\/www.pexels.com\/de-de\/@wildlittlethingsphoto?utm_content=attributionCopyText&amp;utm_medium=referral&amp;utm_source=pexels\" target=\"_blank\" rel=\"noreferrer noopener\">Helena Lopes<\/a><\/strong>&nbsp;von&nbsp;<strong><a href=\"https:\/\/www.pexels.com\/de-de\/foto\/foto-von-hunden-in-der-nahe-von-zaun-1959052\/?utm_content=attributionCopyText&amp;utm_medium=referral&amp;utm_source=pexels\" target=\"_blank\" rel=\"noreferrer noopener\">Pexels<\/a><\/strong><\/p>\n<\/div><\/div>\n\n\n\n<p><\/p>\n\n\n\n<div class=\"wp-block-media-text alignwide is-stacked-on-mobile is-image-fill\"><figure class=\"wp-block-media-text__media\" style=\"background-image:url(https:\/\/hundehilfe-rheinland.de\/wp-content\/uploads\/2022\/04\/pexels-blue-bird-7210698-683x1024.jpg);background-position:50% 23%\"><img decoding=\"async\" src=\"https:\/\/hundehilfe-rheinland.de\/wp-content\/uploads\/2022\/04\/pexels-blue-bird-7210698-683x1024.jpg\" alt=\"\" class=\"wp-image-281 size-full\"\/><\/figure><div class=\"wp-block-media-text__content\">\n<p class=\"has-small-font-size\">Foto von&nbsp;<strong><a href=\"https:\/\/www.pexels.com\/de-de\/@blue-bird?utm_content=attributionCopyText&amp;utm_medium=referral&amp;utm_source=pexels\" target=\"_blank\" rel=\"noreferrer noopener\">Blue Bird<\/a><\/strong>&nbsp;von&nbsp;<strong><a href=\"https:\/\/www.pexels.com\/de-de\/foto\/natur-frau-tier-hund-7210698\/?utm_content=attributionCopyText&amp;utm_medium=referral&amp;utm_source=pexels\" target=\"_blank\" rel=\"noreferrer noopener\">Pexels<\/a><\/strong><\/p>\n<\/div><\/div>\n\n\n\n<p><\/p>\n\n\n\n<div class=\"wp-block-media-text alignwide is-stacked-on-mobile is-image-fill\"><figure class=\"wp-block-media-text__media\" style=\"background-image:url(https:\/\/hundehilfe-rheinland.de\/wp-content\/uploads\/2022\/04\/pexels-miguel-a-padrinan-1591062-1-1024x681.jpg);background-position:50% 50%\"><img loading=\"lazy\" decoding=\"async\" width=\"1024\" height=\"681\" src=\"https:\/\/hundehilfe-rheinland.de\/wp-content\/uploads\/2022\/04\/pexels-miguel-a-padrinan-1591062-1-1024x681.jpg\" alt=\"\" class=\"wp-image-308 size-full\" srcset=\"https:\/\/hundehilfe-rheinland.de\/wp-content\/uploads\/2022\/04\/pexels-miguel-a-padrinan-1591062-1-1024x681.jpg 1024w, https:\/\/hundehilfe-rheinland.de\/wp-content\/uploads\/2022\/04\/pexels-miguel-a-padrinan-1591062-1-300x199.jpg 300w, https:\/\/hundehilfe-rheinland.de\/wp-content\/uploads\/2022\/04\/pexels-miguel-a-padrinan-1591062-1-768x511.jpg 768w, https:\/\/hundehilfe-rheinland.de\/wp-content\/uploads\/2022\/04\/pexels-miguel-a-padrinan-1591062-1-1536x1021.jpg 1536w, https:\/\/hundehilfe-rheinland.de\/wp-content\/uploads\/2022\/04\/pexels-miguel-a-padrinan-1591062-1-2048x1362.jpg 2048w, https:\/\/hundehilfe-rheinland.de\/wp-content\/uploads\/2022\/04\/pexels-miguel-a-padrinan-1591062-1-90x60.jpg 90w\" sizes=\"auto, (max-width: 1024px) 100vw, 1024px\" \/><\/figure><div class=\"wp-block-media-text__content\">\n<p class=\"has-small-font-size\">Foto von&nbsp;<strong><a href=\"https:\/\/www.pexels.com\/de-de\/@padrinan?utm_content=attributionCopyText&amp;utm_medium=referral&amp;utm_source=pexels\" target=\"_blank\" rel=\"noreferrer noopener\">Miguel \u00c1. Padri\u00f1\u00e1n<\/a><\/strong>&nbsp;von&nbsp;<strong><a href=\"https:\/\/www.pexels.com\/de-de\/foto\/e-mail-blocke-auf-grauer-oberflache-1591062\/?utm_content=attributionCopyText&amp;utm_medium=referral&amp;utm_source=pexels\" target=\"_blank\" rel=\"noreferrer noopener\">Pexels<\/a><\/strong><\/p>\n<\/div><\/div>\n\n\n\n<p><\/p>\n\n\n\n<div class=\"wp-block-media-text alignwide is-stacked-on-mobile is-image-fill\"><figure class=\"wp-block-media-text__media\" style=\"background-image:url(https:\/\/hundehilfe-rheinland.de\/wp-content\/uploads\/2022\/04\/pexels-darius-krause-2931915-683x1024.jpg);background-position:50% 50%\"><img loading=\"lazy\" decoding=\"async\" width=\"683\" height=\"1024\" src=\"https:\/\/hundehilfe-rheinland.de\/wp-content\/uploads\/2022\/04\/pexels-darius-krause-2931915-683x1024.jpg\" alt=\"\" class=\"wp-image-330 size-full\" srcset=\"https:\/\/hundehilfe-rheinland.de\/wp-content\/uploads\/2022\/04\/pexels-darius-krause-2931915-683x1024.jpg 683w, https:\/\/hundehilfe-rheinland.de\/wp-content\/uploads\/2022\/04\/pexels-darius-krause-2931915-200x300.jpg 200w, https:\/\/hundehilfe-rheinland.de\/wp-content\/uploads\/2022\/04\/pexels-darius-krause-2931915-768x1152.jpg 768w, https:\/\/hundehilfe-rheinland.de\/wp-content\/uploads\/2022\/04\/pexels-darius-krause-2931915-1024x1536.jpg 1024w, https:\/\/hundehilfe-rheinland.de\/wp-content\/uploads\/2022\/04\/pexels-darius-krause-2931915-1365x2048.jpg 1365w, https:\/\/hundehilfe-rheinland.de\/wp-content\/uploads\/2022\/04\/pexels-darius-krause-2931915-40x60.jpg 40w, https:\/\/hundehilfe-rheinland.de\/wp-content\/uploads\/2022\/04\/pexels-darius-krause-2931915-scaled.jpg 1707w\" sizes=\"auto, (max-width: 683px) 100vw, 683px\" \/><\/figure><div class=\"wp-block-media-text__content\">\n<p class=\"has-small-font-size\">Foto von&nbsp;<strong><a href=\"https:\/\/www.pexels.com\/de-de\/@dariuskrs?utm_content=attributionCopyText&amp;utm_medium=referral&amp;utm_source=pexels\" target=\"_blank\" rel=\"noreferrer noopener\">Darius Krause<\/a><\/strong>&nbsp;von&nbsp;<strong><a href=\"https:\/\/www.pexels.com\/de-de\/foto\/weisse-wolken-unter-blauem-himmel-2931915\/?utm_content=attributionCopyText&amp;utm_medium=referral&amp;utm_source=pexels\" target=\"_blank\" rel=\"noreferrer noopener\">Pexels<\/a><\/strong><\/p>\n<\/div><\/div>\n","protected":false},"excerpt":{"rendered":"<p>Impressum Angaben gem\u00e4\u00df \u00a7 5 TMG Hundehilfe Rheinland e.V.Vinzenz-Feckter-Str. 951469 Bergisch Gladbach Vereinsregister: 18135Registergericht: K\u00f6ln Vertreten durch:1. VorsitzendeMarika Kronenberg Kontakt Telefon: 0157\/34290760E-Mail: info@hundehilfe-rheinland.de Verbraucher\u00adstreit\u00adbeilegung\/Universal\u00adschlichtungs\u00adstelle Wir sind nicht bereit oder verpflichtet, an Streitbeilegungsverfahren vor einer Verbraucherschlichtungsstelle teilzunehmen. Quellennachweise Foto von&nbsp;Helena Lopes&nbsp;von&nbsp;Pexels Foto von&nbsp;Blue Bird&nbsp;von&nbsp;Pexels Foto von&nbsp;Miguel \u00c1. Padri\u00f1\u00e1n&nbsp;von&nbsp;Pexels Foto von&nbsp;Darius Krause&nbsp;von&nbsp;Pexels<\/p>\n","protected":false},"author":3,"featured_media":0,"parent":0,"menu_order":0,"comment_status":"closed","ping_status":"closed","template":"","meta":{"_uag_custom_page_level_css":"","footnotes":""},"class_list":["post-494","page","type-page","status-publish","hentry"],"featured_image_src":null,"uagb_featured_image_src":{"full":false,"thumbnail":false,"medium":false,"medium_large":false,"large":false,"1536x1536":false,"2048x2048":false,"blossom-fashion-slider":false,"blossom-fashion-featured":false,"blossom-fashion-with-sidebar":false,"blossom-fashion-fullwidth":false,"blossom-fashion-blog-home":false,"blossom-fashion-blog-archive":false,"blossom-fashion-related":false,"blossom-fashion-popular":false,"blossom-fashion-schema":false,"blossom-fashion-shop":false},"uagb_author_info":{"display_name":"Martina","author_link":"https:\/\/hundehilfe-rheinland.de\/?author=3"},"uagb_comment_info":0,"uagb_excerpt":"Impressum Angaben gem\u00e4\u00df \u00a7 5 TMG Hundehilfe Rheinland e.V.Vinzenz-Feckter-Str. 951469 Bergisch Gladbach Vereinsregister: 18135Registergericht: K\u00f6ln Vertreten durch:1. VorsitzendeMarika Kronenberg Kontakt Telefon: 0157\/34290760E-Mail: info@hundehilfe-rheinland.de Verbraucher\u00adstreit\u00adbeilegung\/Universal\u00adschlichtungs\u00adstelle Wir sind nicht bereit oder verpflichtet, an Streitbeilegungsverfahren vor einer Verbraucherschlichtungsstelle teilzunehmen. Quellennachweise Foto von&nbsp;Helena Lopes&nbsp;von&nbsp;Pexels Foto von&nbsp;Blue Bird&nbsp;von&nbsp;Pexels Foto von&nbsp;Miguel \u00c1. Padri\u00f1\u00e1n&nbsp;von&nbsp;Pexels Foto von&nbsp;Darius Krause&nbsp;von&nbsp;Pexels","_links":{"self":[{"href":"https:\/\/hundehilfe-rheinland.de\/index.php?rest_route=\/wp\/v2\/pages\/494","targetHints":{"allow":["GET"]}}],"collection":[{"href":"https:\/\/hundehilfe-rheinland.de\/index.php?rest_route=\/wp\/v2\/pages"}],"about":[{"href":"https:\/\/hundehilfe-rheinland.de\/index.php?rest_route=\/wp\/v2\/types\/page"}],"author":[{"embeddable":true,"href":"https:\/\/hundehilfe-rheinland.de\/index.php?rest_route=\/wp\/v2\/users\/3"}],"replies":[{"embeddable":true,"href":"https:\/\/hundehilfe-rheinland.de\/index.php?rest_route=%2Fwp%2Fv2%2Fcomments&post=494"}],"version-history":[{"count":2,"href":"https:\/\/hundehilfe-rheinland.de\/index.php?rest_route=\/wp\/v2\/pages\/494\/revisions"}],"predecessor-version":[{"id":507,"href":"https:\/\/hundehilfe-rheinland.de\/index.php?rest_route=\/wp\/v2\/pages\/494\/revisions\/507"}],"wp:attachment":[{"href":"https:\/\/hundehilfe-rheinland.de\/index.php?rest_route=%2Fwp%2Fv2%2Fmedia&parent=494"}],"curies":[{"name":"wp","href":"https:\/\/api.w.org\/{rel}","templated":true}]}}