{"id":9,"date":"2022-03-23T20:26:22","date_gmt":"2022-03-23T19:26:22","guid":{"rendered":"https:\/\/hundehilfe-rheinland.de\/?page_id=9"},"modified":"2022-07-10T15:37:26","modified_gmt":"2022-07-10T14:37:26","slug":"willkommen","status":"publish","type":"page","link":"https:\/\/hundehilfe-rheinland.de\/","title":{"rendered":"Adopt don\u2019t shop"},"content":{"rendered":"\n<div class=\"wp-block-group alignwide\"><div class=\"wp-block-group__inner-container is-layout-flow wp-block-group-is-layout-flow\">\n<h2 class=\"has-text-align-center wp-block-heading\">Adopt don&#8217;t shop<\/h2>\n<\/div><\/div>\n\n\n\n<div class=\"wp-block-group alignwide\"><div class=\"wp-block-group__inner-container is-layout-flow wp-block-group-is-layout-flow\"><\/div><\/div>\n\n\n\n<p class=\"has-drop-cap\">Wir haben es uns zur Aufgabe gemacht Stra\u00dfenhunde aus Rum\u00e4nien zu retten. Mit Hilfe von privaten Spenden werden sie zun\u00e4chst durch in private Tierheime in Sicherheit gebracht, wo sie mit Futter und medizinisch versorgt werden. Sie brauchen keine Angst mehr vor Schl\u00e4gen, Tritten oder sonstigen Misshandlungen zu haben. Anschlie\u00dfend werden alle geimpft, gechippt, entwurmt und haben einen Pass \u2013 sind soweit gesund und ausreisefertig \u2013 sitzen \u201eauf gepackten Koffern\u201c und warten, dass ein lieber Mensch sie nach Hause holt. <\/p>\n\n\n\n<p>Wir freuen uns, dass Du Dich auf unserer Seite nach Deinem zuk\u00fcnftigen Hund umschaust. <a href=\"https:\/\/hundehilfe-rheinland.de\/?page_id=12\" data-type=\"page\" data-id=\"12\">Hier<\/a> findest Du alle Tiere, die wir momentan vermitteln. Falls Du keinen Hund bei Dir aufnehmen kannst, aber trotzdem helfen m\u00f6chtest, freuen wir uns \u00fcber <a href=\"https:\/\/hundehilfe-rheinland.de\/?page_id=42\" data-type=\"page\" data-id=\"42\">Spenden<\/a>. <\/p>\n\n\n\n<p class=\"has-text-align-center\"><\/p>\n\n\n\n<blockquote class=\"wp-block-quote is-layout-flow wp-block-quote-is-layout-flow\" style=\"font-size:38px\"><p>Niemand beging einen gr\u00f6\u00dferen Fehler als jener, der nichts tat, weil er nur wenig tun konnte. <\/p><cite>Edmund Burke<\/cite><\/blockquote>\n\n\n\n<div class=\"wp-block-group alignwide has-background\" style=\"background-color:#ffffff\"><div class=\"wp-block-group__inner-container is-layout-flow wp-block-group-is-layout-flow\">\n<div class=\"wp-block-group\"><div class=\"wp-block-group__inner-container is-layout-flow wp-block-group-is-layout-flow\">\n<h2 class=\"has-text-align-center has-medium-font-size wp-block-heading\">Unterst\u00fctze uns! <style>\r\n        .wpedon-container .wpedon-select,\r\n        .wpedon-container .wpedon-input {\r\n            width: 170px;\r\n            min-width: 170px;\r\n            max-width: 170px;\r\n        }\r\n    <\/style><div class='wpedon-container wpedon-align-left'><form target='_blank' action='https:\/\/www.paypal.com\/cgi-bin\/webscr' method='post' class='wpedon-form'><input type='hidden' name='cmd' value='_donations' \/><input type='hidden' name='business' value='info@hundehilfe-rheinland.de' \/><input type='hidden' name='currency_code' value='EUR' \/><input type='hidden' name='notify_url' value='https:\/\/hundehilfe-rheinland.de\/wp-admin\/admin-post.php?action=add_wpedon_button_ipn'><input type='hidden' name='lc' value='de_DE'><input type='hidden' name='bn' value='WPPlugin_SP'><input type='hidden' name='return' value='https:\/\/hundehilfe-rheinland.de\/unterstuetzung\/' \/><input type='hidden' name='cancel_return' value='https:\/\/hundehilfe-rheinland.de\/unterstuetzung\/' \/><input class='wpedon_paypalbuttonimage' type='image' src='https:\/\/www.paypalobjects.com\/webstatic\/en_US\/btn\/btn_donate_pp_142x27.png' border='0' name='submit' alt='Make your payments with PayPal. It is free, secure, effective.' style='border: none;'><img alt='' border='0' style='border:none;display:none;' src='https:\/\/www.paypal.com\/de_DE\/i\/scr\/pixel.gif' width='1' height='1'><input type='hidden' name='amount' id='amount_ca740108ea799bbd60a3157ff1b16248' value='' \/><input type='hidden' name='price' id='price_ca740108ea799bbd60a3157ff1b16248' value='' \/><input type='hidden' name='item_number' value='' \/><input type='hidden' name='item_name' value='' \/><input type='hidden' name='name' value='' \/><input type='hidden' name='custom' value='79'><input type='hidden' name='no_shipping' value='1'><input type='hidden' name='no_note' value='1'><input type='hidden' name='currency_code' value='EUR'><\/form><\/div><\/h2>\n<\/div><\/div>\n<\/div><\/div>\n\n\n\n<p><\/p>\n","protected":false},"excerpt":{"rendered":"<p>Adopt don&#8217;t shop Wir haben es uns zur Aufgabe gemacht Stra\u00dfenhunde aus Rum\u00e4nien zu retten. Mit Hilfe von privaten Spenden werden sie zun\u00e4chst durch in private Tierheime in Sicherheit gebracht, wo sie mit Futter und medizinisch versorgt werden. Sie brauchen keine Angst mehr vor Schl\u00e4gen, Tritten oder sonstigen Misshandlungen zu haben. Anschlie\u00dfend werden alle geimpft, &hellip; <\/p>\n","protected":false},"author":3,"featured_media":0,"parent":0,"menu_order":0,"comment_status":"closed","ping_status":"closed","template":"","meta":{"_uag_custom_page_level_css":"","footnotes":""},"class_list":["post-9","page","type-page","status-publish","hentry"],"featured_image_src":null,"uagb_featured_image_src":{"full":false,"thumbnail":false,"medium":false,"medium_large":false,"large":false,"1536x1536":false,"2048x2048":false,"blossom-fashion-slider":false,"blossom-fashion-featured":false,"blossom-fashion-with-sidebar":false,"blossom-fashion-fullwidth":false,"blossom-fashion-blog-home":false,"blossom-fashion-blog-archive":false,"blossom-fashion-related":false,"blossom-fashion-popular":false,"blossom-fashion-schema":false,"blossom-fashion-shop":false},"uagb_author_info":{"display_name":"Martina","author_link":"https:\/\/hundehilfe-rheinland.de\/?author=3"},"uagb_comment_info":0,"uagb_excerpt":"Adopt don&#8217;t shop Wir haben es uns zur Aufgabe gemacht Stra\u00dfenhunde aus Rum\u00e4nien zu retten. Mit Hilfe von privaten Spenden werden sie zun\u00e4chst durch in private Tierheime in Sicherheit gebracht, wo sie mit Futter und medizinisch versorgt werden. Sie brauchen keine Angst mehr vor Schl\u00e4gen, Tritten oder sonstigen Misshandlungen zu haben. Anschlie\u00dfend werden alle geimpft,&hellip;","_links":{"self":[{"href":"https:\/\/hundehilfe-rheinland.de\/index.php?rest_route=\/wp\/v2\/pages\/9","targetHints":{"allow":["GET"]}}],"collection":[{"href":"https:\/\/hundehilfe-rheinland.de\/index.php?rest_route=\/wp\/v2\/pages"}],"about":[{"href":"https:\/\/hundehilfe-rheinland.de\/index.php?rest_route=\/wp\/v2\/types\/page"}],"author":[{"embeddable":true,"href":"https:\/\/hundehilfe-rheinland.de\/index.php?rest_route=\/wp\/v2\/users\/3"}],"replies":[{"embeddable":true,"href":"https:\/\/hundehilfe-rheinland.de\/index.php?rest_route=%2Fwp%2Fv2%2Fcomments&post=9"}],"version-history":[{"count":42,"href":"https:\/\/hundehilfe-rheinland.de\/index.php?rest_route=\/wp\/v2\/pages\/9\/revisions"}],"predecessor-version":[{"id":505,"href":"https:\/\/hundehilfe-rheinland.de\/index.php?rest_route=\/wp\/v2\/pages\/9\/revisions\/505"}],"wp:attachment":[{"href":"https:\/\/hundehilfe-rheinland.de\/index.php?rest_route=%2Fwp%2Fv2%2Fmedia&parent=9"}],"curies":[{"name":"wp","href":"https:\/\/api.w.org\/{rel}","templated":true}]}}